{"id":195,"date":"2024-09-10T09:16:56","date_gmt":"2024-09-10T09:16:56","guid":{"rendered":"https:\/\/wordpress.prideprice.com\/?post_type=product&#038;p=195"},"modified":"2024-09-10T09:16:56","modified_gmt":"2024-09-10T09:16:56","slug":"mochila-para-portatil-mickey-mouse-teen-snow-azul-40-cm-tamano-16x32x40-cm-safta-2","status":"publish","type":"product","link":"https:\/\/wordpress.prideprice.com\/index.php\/producto\/mochila-para-portatil-mickey-mouse-teen-snow-azul-40-cm-tamano-16x32x40-cm-safta-2\/","title":{"rendered":"Mochila para port\u00e1til Mickey Mouse Teen Snow azul 40 cm tama\u00f1o 16x32x40 cm safta"},"content":{"rendered":"<p>La mochila para port\u00e1til Mickey Mouse Teen Snow azul es la compa\u00f1era ideal para llevar tu ordenador de hasta 14,1 pulgadas de forma segura y con estilo. Con un alojamiento acolchado para el port\u00e1til, garantiza una protecci\u00f3n \u00f3ptima contra golpes y ara\u00f1azos.<\/p>\n<p>&nbsp;<\/p>\n<p>Adem\u00e1s, cuenta con un amplio bolsillo frontal y un bolsillo interior con cremallera para llevar tus accesorios y objetos personales de forma organizada. Los pr\u00e1cticos bolsillos laterales son perfectos para llevar botellas de agua u otros objetos de uso r\u00e1pido.<\/p>\n<p>&nbsp;<\/p>\n<p>Con un dise\u00f1o encantador de Mickey Mouse y el color Snow azul, esta mochila es perfecta para las fans del famoso raton. Adem\u00e1s, su doble tirador en la cremallera principal permite un f\u00e1cil y c\u00f3modo acceso al interior de la mochila.<\/p>\n<p>&nbsp;<\/p>\n<p>Ya sea para ir a clase, al trabajo o de viaje, La mochila para port\u00e1til Mickey Mouse Teen Snow azul es una opci\u00f3n funcional y con estilo para llevar tu port\u00e1til y tus pertenencias de forma segura y c\u00f3moda.<\/p>\n","protected":false},"excerpt":{"rendered":"<p>La mochila para port\u00e1til Mickey Mouse Teen Snow azul es la compa\u00f1era ideal para llevar tu ordenador de hasta 14,1 pulgadas de forma segura y con estilo. Con un alojamiento acolchado para el port\u00e1til, garantiza una protecci\u00f3n \u00f3ptima contra golpes y ara\u00f1azos<\/p>\n","protected":false},"featured_media":190,"comment_status":"open","ping_status":"closed","template":"","meta":{"_et_pb_use_builder":"","_et_pb_old_content":"","_et_gb_content_width":""},"product_brand":[],"product_cat":[38,37],"product_tag":[],"class_list":{"0":"post-195","1":"product","2":"type-product","3":"status-publish","4":"has-post-thumbnail","6":"product_cat-mochilas","7":"product_cat-mochilas-y-bolsos","9":"first","10":"instock","11":"taxable","12":"shipping-taxable","13":"purchasable","14":"product-type-simple"},"jetpack_sharing_enabled":true,"_links":{"self":[{"href":"https:\/\/wordpress.prideprice.com\/index.php\/wp-json\/wp\/v2\/product\/195","targetHints":{"allow":["GET"]}}],"collection":[{"href":"https:\/\/wordpress.prideprice.com\/index.php\/wp-json\/wp\/v2\/product"}],"about":[{"href":"https:\/\/wordpress.prideprice.com\/index.php\/wp-json\/wp\/v2\/types\/product"}],"replies":[{"embeddable":true,"href":"https:\/\/wordpress.prideprice.com\/index.php\/wp-json\/wp\/v2\/comments?post=195"}],"wp:featuredmedia":[{"embeddable":true,"href":"https:\/\/wordpress.prideprice.com\/index.php\/wp-json\/wp\/v2\/media\/190"}],"wp:attachment":[{"href":"https:\/\/wordpress.prideprice.com\/index.php\/wp-json\/wp\/v2\/media?parent=195"}],"wp:term":[{"taxonomy":"product_brand","embeddable":true,"href":"https:\/\/wordpress.prideprice.com\/index.php\/wp-json\/wp\/v2\/product_brand?post=195"},{"taxonomy":"product_cat","embeddable":true,"href":"https:\/\/wordpress.prideprice.com\/index.php\/wp-json\/wp\/v2\/product_cat?post=195"},{"taxonomy":"product_tag","embeddable":true,"href":"https:\/\/wordpress.prideprice.com\/index.php\/wp-json\/wp\/v2\/product_tag?post=195"}],"curies":[{"name":"wp","href":"https:\/\/api.w.org\/{rel}","templated":true}]}}